{"id":22067,"date":"2022-07-13T14:13:19","date_gmt":"2022-07-13T13:13:19","guid":{"rendered":"https:\/\/cineuro.fr\/cineuro-x-locarno-projets-selectionnes\/"},"modified":"2022-08-03T09:23:58","modified_gmt":"2022-08-03T08:23:58","slug":"cineuro-x-locarno-projets-selectionnes","status":"publish","type":"page","link":"https:\/\/cineuro.eu\/en\/cineuro-x-locarno-projets-selectionnes\/","title":{"rendered":"CinEuro X Locarno &#8211; Selected producers"},"content":{"rendered":"","protected":false},"excerpt":{"rendered":"","protected":false},"author":5,"featured_media":0,"parent":0,"menu_order":0,"comment_status":"closed","ping_status":"closed","template":"","meta":{"_acf_changed":false,"footnotes":""},"territoire":[127,129],"class_list":["post-22067","page","type-page","status-publish","hentry","territoire-greater-region-en","territoire-upper-rhine-en"],"acf":[],"yoast_head":"<!-- This site is optimized with the Yoast SEO plugin v27.3 - https:\/\/yoast.com\/product\/yoast-seo-wordpress\/ -->\n<title>CinEuro X Locarno - Selected producers - CinEuro<\/title>\n<meta name=\"description\" content=\"Pour la 75\u00e8me \u00e9dition du Festival International du Film de Locarno, CinEuro emm\u00e8ne 10 producteurs de France, de Belgique, d&#039;Allemagne, du Luxembourg et de Suisse \u00e0 Locarno Pro, le march\u00e9 professionnel du festival.\" \/>\n<meta name=\"robots\" content=\"index, follow, max-snippet:-1, max-image-preview:large, max-video-preview:-1\" \/>\n<link rel=\"canonical\" href=\"https:\/\/cineuro.eu\/en\/cineuro-x-locarno-projets-selectionnes\/\" \/>\n<meta property=\"og:locale\" content=\"en_US\" \/>\n<meta property=\"og:type\" content=\"article\" \/>\n<meta property=\"og:title\" content=\"CinEuro X Locarno - Selected producers - CinEuro\" \/>\n<meta property=\"og:description\" content=\"Pour la 75\u00e8me \u00e9dition du Festival International du Film de Locarno, CinEuro emm\u00e8ne 10 producteurs de France, de Belgique, d&#039;Allemagne, du Luxembourg et de Suisse \u00e0 Locarno Pro, le march\u00e9 professionnel du festival.\" \/>\n<meta property=\"og:url\" content=\"https:\/\/cineuro.eu\/en\/cineuro-x-locarno-projets-selectionnes\/\" \/>\n<meta property=\"og:site_name\" content=\"CinEuro\" \/>\n<meta property=\"article:modified_time\" content=\"2022-08-03T08:23:58+00:00\" \/>\n<meta name=\"twitter:card\" content=\"summary_large_image\" \/>\n<script type=\"application\/ld+json\" class=\"yoast-schema-graph\">{\"@context\":\"https:\\\/\\\/schema.org\",\"@graph\":[{\"@type\":\"WebPage\",\"@id\":\"https:\\\/\\\/cineuro.eu\\\/en\\\/cineuro-x-locarno-projets-selectionnes\\\/\",\"url\":\"https:\\\/\\\/cineuro.eu\\\/en\\\/cineuro-x-locarno-projets-selectionnes\\\/\",\"name\":\"CinEuro X Locarno - Selected producers - CinEuro\",\"isPartOf\":{\"@id\":\"https:\\\/\\\/cineuro.eu\\\/en\\\/#website\"},\"datePublished\":\"2022-07-13T13:13:19+00:00\",\"dateModified\":\"2022-08-03T08:23:58+00:00\",\"description\":\"Pour la 75\u00e8me \u00e9dition du Festival International du Film de Locarno, CinEuro emm\u00e8ne 10 producteurs de France, de Belgique, d'Allemagne, du Luxembourg et de Suisse \u00e0 Locarno Pro, le march\u00e9 professionnel du festival.\",\"breadcrumb\":{\"@id\":\"https:\\\/\\\/cineuro.eu\\\/en\\\/cineuro-x-locarno-projets-selectionnes\\\/#breadcrumb\"},\"inLanguage\":\"en-US\",\"potentialAction\":[{\"@type\":\"ReadAction\",\"target\":[\"https:\\\/\\\/cineuro.eu\\\/en\\\/cineuro-x-locarno-projets-selectionnes\\\/\"]}]},{\"@type\":\"BreadcrumbList\",\"@id\":\"https:\\\/\\\/cineuro.eu\\\/en\\\/cineuro-x-locarno-projets-selectionnes\\\/#breadcrumb\",\"itemListElement\":[{\"@type\":\"ListItem\",\"position\":1,\"name\":\"\",\"item\":\"https:\\\/\\\/cineuro.eu\\\/en\\\/\"},{\"@type\":\"ListItem\",\"position\":2,\"name\":\"CinEuro X Locarno &#8211; Selected producers\"}]},{\"@type\":\"WebSite\",\"@id\":\"https:\\\/\\\/cineuro.eu\\\/en\\\/#website\",\"url\":\"https:\\\/\\\/cineuro.eu\\\/en\\\/\",\"name\":\"CinEuro\",\"description\":\"Just another WordPress site\",\"potentialAction\":[{\"@type\":\"SearchAction\",\"target\":{\"@type\":\"EntryPoint\",\"urlTemplate\":\"https:\\\/\\\/cineuro.eu\\\/en\\\/?s={search_term_string}\"},\"query-input\":{\"@type\":\"PropertyValueSpecification\",\"valueRequired\":true,\"valueName\":\"search_term_string\"}}],\"inLanguage\":\"en-US\"}]}<\/script>\n<!-- \/ Yoast SEO plugin. -->","yoast_head_json":{"title":"CinEuro X Locarno - Selected producers - CinEuro","description":"Pour la 75\u00e8me \u00e9dition du Festival International du Film de Locarno, CinEuro emm\u00e8ne 10 producteurs de France, de Belgique, d'Allemagne, du Luxembourg et de Suisse \u00e0 Locarno Pro, le march\u00e9 professionnel du festival.","robots":{"index":"index","follow":"follow","max-snippet":"max-snippet:-1","max-image-preview":"max-image-preview:large","max-video-preview":"max-video-preview:-1"},"canonical":"https:\/\/cineuro.eu\/en\/cineuro-x-locarno-projets-selectionnes\/","og_locale":"en_US","og_type":"article","og_title":"CinEuro X Locarno - Selected producers - CinEuro","og_description":"Pour la 75\u00e8me \u00e9dition du Festival International du Film de Locarno, CinEuro emm\u00e8ne 10 producteurs de France, de Belgique, d'Allemagne, du Luxembourg et de Suisse \u00e0 Locarno Pro, le march\u00e9 professionnel du festival.","og_url":"https:\/\/cineuro.eu\/en\/cineuro-x-locarno-projets-selectionnes\/","og_site_name":"CinEuro","article_modified_time":"2022-08-03T08:23:58+00:00","twitter_card":"summary_large_image","schema":{"@context":"https:\/\/schema.org","@graph":[{"@type":"WebPage","@id":"https:\/\/cineuro.eu\/en\/cineuro-x-locarno-projets-selectionnes\/","url":"https:\/\/cineuro.eu\/en\/cineuro-x-locarno-projets-selectionnes\/","name":"CinEuro X Locarno - Selected producers - CinEuro","isPartOf":{"@id":"https:\/\/cineuro.eu\/en\/#website"},"datePublished":"2022-07-13T13:13:19+00:00","dateModified":"2022-08-03T08:23:58+00:00","description":"Pour la 75\u00e8me \u00e9dition du Festival International du Film de Locarno, CinEuro emm\u00e8ne 10 producteurs de France, de Belgique, d'Allemagne, du Luxembourg et de Suisse \u00e0 Locarno Pro, le march\u00e9 professionnel du festival.","breadcrumb":{"@id":"https:\/\/cineuro.eu\/en\/cineuro-x-locarno-projets-selectionnes\/#breadcrumb"},"inLanguage":"en-US","potentialAction":[{"@type":"ReadAction","target":["https:\/\/cineuro.eu\/en\/cineuro-x-locarno-projets-selectionnes\/"]}]},{"@type":"BreadcrumbList","@id":"https:\/\/cineuro.eu\/en\/cineuro-x-locarno-projets-selectionnes\/#breadcrumb","itemListElement":[{"@type":"ListItem","position":1,"name":"","item":"https:\/\/cineuro.eu\/en\/"},{"@type":"ListItem","position":2,"name":"CinEuro X Locarno &#8211; Selected producers"}]},{"@type":"WebSite","@id":"https:\/\/cineuro.eu\/en\/#website","url":"https:\/\/cineuro.eu\/en\/","name":"CinEuro","description":"Just another WordPress site","potentialAction":[{"@type":"SearchAction","target":{"@type":"EntryPoint","urlTemplate":"https:\/\/cineuro.eu\/en\/?s={search_term_string}"},"query-input":{"@type":"PropertyValueSpecification","valueRequired":true,"valueName":"search_term_string"}}],"inLanguage":"en-US"}]}},"_links":{"self":[{"href":"https:\/\/cineuro.eu\/en\/wp-json\/wp\/v2\/pages\/22067","targetHints":{"allow":["GET"]}}],"collection":[{"href":"https:\/\/cineuro.eu\/en\/wp-json\/wp\/v2\/pages"}],"about":[{"href":"https:\/\/cineuro.eu\/en\/wp-json\/wp\/v2\/types\/page"}],"author":[{"embeddable":true,"href":"https:\/\/cineuro.eu\/en\/wp-json\/wp\/v2\/users\/5"}],"replies":[{"embeddable":true,"href":"https:\/\/cineuro.eu\/en\/wp-json\/wp\/v2\/comments?post=22067"}],"version-history":[{"count":5,"href":"https:\/\/cineuro.eu\/en\/wp-json\/wp\/v2\/pages\/22067\/revisions"}],"predecessor-version":[{"id":22167,"href":"https:\/\/cineuro.eu\/en\/wp-json\/wp\/v2\/pages\/22067\/revisions\/22167"}],"wp:attachment":[{"href":"https:\/\/cineuro.eu\/en\/wp-json\/wp\/v2\/media?parent=22067"}],"wp:term":[{"taxonomy":"territoire","embeddable":true,"href":"https:\/\/cineuro.eu\/en\/wp-json\/wp\/v2\/territoire?post=22067"}],"curies":[{"name":"wp","href":"https:\/\/api.w.org\/{rel}","templated":true}]}}