{"id":27144,"date":"2025-07-15T14:16:43","date_gmt":"2025-07-15T13:16:43","guid":{"rendered":"https:\/\/cineuro.eu\/?page_id=27144"},"modified":"2025-08-08T09:36:43","modified_gmt":"2025-08-08T08:36:43","slug":"uber-den-cineuro-preis","status":"publish","type":"page","link":"https:\/\/cineuro.eu\/de\/cineuro-preis\/uber-den-cineuro-preis\/","title":{"rendered":"\u00dcber den CinEuro-Preis"},"content":{"rendered":"","protected":false},"excerpt":{"rendered":"","protected":false},"author":32,"featured_media":0,"parent":22926,"menu_order":0,"comment_status":"closed","ping_status":"closed","template":"","meta":{"_acf_changed":false,"footnotes":""},"territoire":[126,128],"class_list":["post-27144","page","type-page","status-publish","hentry","territoire-grossregion-de","territoire-oberrhein-de"],"acf":[],"yoast_head":"<!-- This site is optimized with the Yoast SEO plugin v27.3 - https:\/\/yoast.com\/product\/yoast-seo-wordpress\/ -->\n<title>\u00dcber den CinEuro-Preis - CinEuro<\/title>\n<meta name=\"description\" content=\"Der CinEuro-Preis f\u00f6rdert grenz\u00fcberschreitende Koproduktionen, die narrative Verbindungen zwischen den CinEuro-Gebieten (FR, BE, DE, LU, CH) herstellen.\" \/>\n<meta name=\"robots\" content=\"index, follow, max-snippet:-1, max-image-preview:large, max-video-preview:-1\" \/>\n<link rel=\"canonical\" href=\"https:\/\/cineuro.eu\/de\/cineuro-preis\/uber-den-cineuro-preis\/\" \/>\n<meta property=\"og:locale\" content=\"de_DE\" \/>\n<meta property=\"og:type\" content=\"article\" \/>\n<meta property=\"og:title\" content=\"\u00dcber den CinEuro-Preis - CinEuro\" \/>\n<meta property=\"og:description\" content=\"Der CinEuro-Preis f\u00f6rdert grenz\u00fcberschreitende Koproduktionen, die narrative Verbindungen zwischen den CinEuro-Gebieten (FR, BE, DE, LU, CH) herstellen.\" \/>\n<meta property=\"og:url\" content=\"https:\/\/cineuro.eu\/de\/cineuro-preis\/uber-den-cineuro-preis\/\" \/>\n<meta property=\"og:site_name\" content=\"CinEuro\" \/>\n<meta property=\"article:modified_time\" content=\"2025-08-08T08:36:43+00:00\" \/>\n<meta name=\"twitter:card\" content=\"summary_large_image\" \/>\n<meta name=\"twitter:label1\" content=\"Gesch\u00e4tzte Lesezeit\" \/>\n\t<meta name=\"twitter:data1\" content=\"9\u00a0Minuten\" \/>\n<script type=\"application\/ld+json\" class=\"yoast-schema-graph\">{\"@context\":\"https:\\\/\\\/schema.org\",\"@graph\":[{\"@type\":\"WebPage\",\"@id\":\"https:\\\/\\\/cineuro.eu\\\/de\\\/cineuro-preis\\\/uber-den-cineuro-preis\\\/\",\"url\":\"https:\\\/\\\/cineuro.eu\\\/de\\\/cineuro-preis\\\/uber-den-cineuro-preis\\\/\",\"name\":\"\u00dcber den CinEuro-Preis - CinEuro\",\"isPartOf\":{\"@id\":\"https:\\\/\\\/cineuro.eu\\\/de\\\/#website\"},\"datePublished\":\"2025-07-15T13:16:43+00:00\",\"dateModified\":\"2025-08-08T08:36:43+00:00\",\"description\":\"Der CinEuro-Preis f\u00f6rdert grenz\u00fcberschreitende Koproduktionen, die narrative Verbindungen zwischen den CinEuro-Gebieten (FR, BE, DE, LU, CH) herstellen.\",\"breadcrumb\":{\"@id\":\"https:\\\/\\\/cineuro.eu\\\/de\\\/cineuro-preis\\\/uber-den-cineuro-preis\\\/#breadcrumb\"},\"inLanguage\":\"de\",\"potentialAction\":[{\"@type\":\"ReadAction\",\"target\":[\"https:\\\/\\\/cineuro.eu\\\/de\\\/cineuro-preis\\\/uber-den-cineuro-preis\\\/\"]}]},{\"@type\":\"BreadcrumbList\",\"@id\":\"https:\\\/\\\/cineuro.eu\\\/de\\\/cineuro-preis\\\/uber-den-cineuro-preis\\\/#breadcrumb\",\"itemListElement\":[{\"@type\":\"ListItem\",\"position\":1,\"name\":\"\",\"item\":\"https:\\\/\\\/cineuro.eu\\\/de\\\/\"},{\"@type\":\"ListItem\",\"position\":2,\"name\":\"CinEuro-Preis f\u00fcr die Projektentwicklung grenz\u00fcberschreitender Koproduktionen\",\"item\":\"https:\\\/\\\/cineuro.eu\\\/de\\\/cineuro-preis\\\/\"},{\"@type\":\"ListItem\",\"position\":3,\"name\":\"\u00dcber den CinEuro-Preis\"}]},{\"@type\":\"WebSite\",\"@id\":\"https:\\\/\\\/cineuro.eu\\\/de\\\/#website\",\"url\":\"https:\\\/\\\/cineuro.eu\\\/de\\\/\",\"name\":\"CinEuro\",\"description\":\"Just another WordPress site\",\"potentialAction\":[{\"@type\":\"SearchAction\",\"target\":{\"@type\":\"EntryPoint\",\"urlTemplate\":\"https:\\\/\\\/cineuro.eu\\\/de\\\/?s={search_term_string}\"},\"query-input\":{\"@type\":\"PropertyValueSpecification\",\"valueRequired\":true,\"valueName\":\"search_term_string\"}}],\"inLanguage\":\"de\"}]}<\/script>\n<!-- \/ Yoast SEO plugin. -->","yoast_head_json":{"title":"\u00dcber den CinEuro-Preis - CinEuro","description":"Der CinEuro-Preis f\u00f6rdert grenz\u00fcberschreitende Koproduktionen, die narrative Verbindungen zwischen den CinEuro-Gebieten (FR, BE, DE, LU, CH) herstellen.","robots":{"index":"index","follow":"follow","max-snippet":"max-snippet:-1","max-image-preview":"max-image-preview:large","max-video-preview":"max-video-preview:-1"},"canonical":"https:\/\/cineuro.eu\/de\/cineuro-preis\/uber-den-cineuro-preis\/","og_locale":"de_DE","og_type":"article","og_title":"\u00dcber den CinEuro-Preis - CinEuro","og_description":"Der CinEuro-Preis f\u00f6rdert grenz\u00fcberschreitende Koproduktionen, die narrative Verbindungen zwischen den CinEuro-Gebieten (FR, BE, DE, LU, CH) herstellen.","og_url":"https:\/\/cineuro.eu\/de\/cineuro-preis\/uber-den-cineuro-preis\/","og_site_name":"CinEuro","article_modified_time":"2025-08-08T08:36:43+00:00","twitter_card":"summary_large_image","twitter_misc":{"Gesch\u00e4tzte Lesezeit":"9\u00a0Minuten"},"schema":{"@context":"https:\/\/schema.org","@graph":[{"@type":"WebPage","@id":"https:\/\/cineuro.eu\/de\/cineuro-preis\/uber-den-cineuro-preis\/","url":"https:\/\/cineuro.eu\/de\/cineuro-preis\/uber-den-cineuro-preis\/","name":"\u00dcber den CinEuro-Preis - CinEuro","isPartOf":{"@id":"https:\/\/cineuro.eu\/de\/#website"},"datePublished":"2025-07-15T13:16:43+00:00","dateModified":"2025-08-08T08:36:43+00:00","description":"Der CinEuro-Preis f\u00f6rdert grenz\u00fcberschreitende Koproduktionen, die narrative Verbindungen zwischen den CinEuro-Gebieten (FR, BE, DE, LU, CH) herstellen.","breadcrumb":{"@id":"https:\/\/cineuro.eu\/de\/cineuro-preis\/uber-den-cineuro-preis\/#breadcrumb"},"inLanguage":"de","potentialAction":[{"@type":"ReadAction","target":["https:\/\/cineuro.eu\/de\/cineuro-preis\/uber-den-cineuro-preis\/"]}]},{"@type":"BreadcrumbList","@id":"https:\/\/cineuro.eu\/de\/cineuro-preis\/uber-den-cineuro-preis\/#breadcrumb","itemListElement":[{"@type":"ListItem","position":1,"name":"","item":"https:\/\/cineuro.eu\/de\/"},{"@type":"ListItem","position":2,"name":"CinEuro-Preis f\u00fcr die Projektentwicklung grenz\u00fcberschreitender Koproduktionen","item":"https:\/\/cineuro.eu\/de\/cineuro-preis\/"},{"@type":"ListItem","position":3,"name":"\u00dcber den CinEuro-Preis"}]},{"@type":"WebSite","@id":"https:\/\/cineuro.eu\/de\/#website","url":"https:\/\/cineuro.eu\/de\/","name":"CinEuro","description":"Just another WordPress site","potentialAction":[{"@type":"SearchAction","target":{"@type":"EntryPoint","urlTemplate":"https:\/\/cineuro.eu\/de\/?s={search_term_string}"},"query-input":{"@type":"PropertyValueSpecification","valueRequired":true,"valueName":"search_term_string"}}],"inLanguage":"de"}]}},"_links":{"self":[{"href":"https:\/\/cineuro.eu\/de\/wp-json\/wp\/v2\/pages\/27144","targetHints":{"allow":["GET"]}}],"collection":[{"href":"https:\/\/cineuro.eu\/de\/wp-json\/wp\/v2\/pages"}],"about":[{"href":"https:\/\/cineuro.eu\/de\/wp-json\/wp\/v2\/types\/page"}],"author":[{"embeddable":true,"href":"https:\/\/cineuro.eu\/de\/wp-json\/wp\/v2\/users\/32"}],"replies":[{"embeddable":true,"href":"https:\/\/cineuro.eu\/de\/wp-json\/wp\/v2\/comments?post=27144"}],"version-history":[{"count":7,"href":"https:\/\/cineuro.eu\/de\/wp-json\/wp\/v2\/pages\/27144\/revisions"}],"predecessor-version":[{"id":27512,"href":"https:\/\/cineuro.eu\/de\/wp-json\/wp\/v2\/pages\/27144\/revisions\/27512"}],"up":[{"embeddable":true,"href":"https:\/\/cineuro.eu\/de\/wp-json\/wp\/v2\/pages\/22926"}],"wp:attachment":[{"href":"https:\/\/cineuro.eu\/de\/wp-json\/wp\/v2\/media?parent=27144"}],"wp:term":[{"taxonomy":"territoire","embeddable":true,"href":"https:\/\/cineuro.eu\/de\/wp-json\/wp\/v2\/territoire?post=27144"}],"curies":[{"name":"wp","href":"https:\/\/api.w.org\/{rel}","templated":true}]}}