{"id":15219,"date":"2020-06-29T07:40:15","date_gmt":"2020-06-29T07:40:15","guid":{"rendered":"http:\/\/cineuro.traefik.devl\/about\/"},"modified":"2020-06-29T07:40:15","modified_gmt":"2020-06-29T07:40:15","slug":"about","status":"publish","type":"page","link":"https:\/\/cineuro.eu\/de\/about\/","title":{"rendered":"About"},"content":{"rendered":"<p>Das Forum Alentours &#8211; Rheinisches Koproduktionstreffen, das jeden Sommer in Stra\u00dfburg stattfindet, hat sich in den letzten vier Jahren als die f\u00fchrende j\u00e4hrliche Veranstaltung f\u00fcr grenz\u00fcberschreitende Film- und audiovisuelle Koproduktionen etabliert und richtet sich an ein internationales Fachpublikum der Branche.<\/p>\n<p>Das Forum Alentours deckt alle Genres und Formate des audiovisuellen Schaffens ab, von der Fiktion \u00fcber den Dokumentarfilm bis zur Animation und innovativen Formaten, und will eine Plattform f\u00fcr den grenz\u00fcberschreitenden Austausch zwischen den Filmschaffenden (Produzenten, Filmemacher, Techniker, Sender, Verleiher, F\u00f6rderungen usw.) schaffen.<\/p>\n<p>Die Veranstaltung, die urspr\u00fcnglich von den Rheinischen Koproduktionstreffen getragen wurde, in deren Mittelpunkt B2B-Meetings, Pitching-Sessions und Case Studies standen, bietet nun als Forum Alentours auch Workshops, Diskussionsrunden und andere Formate an.<\/p>\n<p><img loading=\"lazy\" decoding=\"async\" class=\"alignnone size-full wp-image-2411\" src=\"http:\/\/cineuro.fr\/wp-content\/uploads\/2021\/06\/diapositive33-1.png\" alt=\"\" width=\"983\" height=\"505\" \/><\/p>\n<h3><\/h3>\n<h3><span style=\"color: #e71c75;\">Digitale Ausgabe 2020<\/span><\/h3>\n<p>Das diesj\u00e4hrige Forum Alentours musste in seiner urspr\u00fcnglichen Form wegen der Gesundheitskrise im Zusammenhang mit der Verbreitung des COVID-19 abgesagt werden.<\/p>\n<p>Da wir dieses Jahr unser Publikum nicht physisch empfangen k\u00f6nnen, haben wir die Veranstaltung in einer digitalen Version und in einem kleineren Format v\u00f6llig neu gestaltet, um trotz allem die Filmschaffenden der Region zusammenzubringen und grenz\u00fcberschreitende Koproduktionen, trotz und gerade wegen der aktuellen Situation, zu f\u00f6rdern.<\/p>\n<p>Das Programm 2020 bietet Pitch-Sessions und Workshops, die live verfolgt, sowie Panels, die jederzeit konsultiert werden k\u00f6nnen.<\/p>\n<p style=\"text-align: center;\"><a class=\"btn btn-rose\" href=\"http:\/\/cineuro.fr\/de\/willkommen-beim-forum-alentours-rheinisches-koproduktionstreffen-2020\/programmation\/\">Programm der digitalen Ausgabe<\/a><\/p>\n","protected":false},"excerpt":{"rendered":"<p>Das Forum Alentours &#8211; Rheinisches Koproduktionstreffen, das jeden Sommer in Stra\u00dfburg stattfindet, hat sich in den letzten vier Jahren als die f\u00fchrende j\u00e4hrliche Veranstaltung f\u00fcr grenz\u00fcberschreitende Film- und audiovisuelle Koproduktionen etabliert und richtet sich an ein internationales Fachpublikum der Branche. Das Forum Alentours deckt alle Genres und Formate des audiovisuellen Schaffens ab, von der Fiktion [&hellip;]<\/p>\n","protected":false},"author":5,"featured_media":0,"parent":0,"menu_order":2,"comment_status":"closed","ping_status":"closed","template":"","meta":{"_acf_changed":false,"footnotes":""},"territoire":[],"class_list":["post-15219","page","type-page","status-publish","hentry"],"acf":[],"yoast_head":"<!-- This site is optimized with the Yoast SEO plugin v27.3 - https:\/\/yoast.com\/product\/yoast-seo-wordpress\/ -->\n<title>About - CinEuro<\/title>\n<meta name=\"robots\" content=\"index, follow, max-snippet:-1, max-image-preview:large, max-video-preview:-1\" \/>\n<link rel=\"canonical\" href=\"https:\/\/cineuro.eu\/de\/about\/\" \/>\n<meta property=\"og:locale\" content=\"de_DE\" \/>\n<meta property=\"og:type\" content=\"article\" \/>\n<meta property=\"og:title\" content=\"About - CinEuro\" \/>\n<meta property=\"og:description\" content=\"Das Forum Alentours &#8211; Rheinisches Koproduktionstreffen, das jeden Sommer in Stra\u00dfburg stattfindet, hat sich in den letzten vier Jahren als die f\u00fchrende j\u00e4hrliche Veranstaltung f\u00fcr grenz\u00fcberschreitende Film- und audiovisuelle Koproduktionen etabliert und richtet sich an ein internationales Fachpublikum der Branche. Das Forum Alentours deckt alle Genres und Formate des audiovisuellen Schaffens ab, von der Fiktion [&hellip;]\" \/>\n<meta property=\"og:url\" content=\"https:\/\/cineuro.eu\/de\/about\/\" \/>\n<meta property=\"og:site_name\" content=\"CinEuro\" \/>\n<meta property=\"og:image\" content=\"http:\/\/cineuro.fr\/wp-content\/uploads\/2021\/06\/diapositive33-1.png\" \/>\n<meta name=\"twitter:card\" content=\"summary_large_image\" \/>\n<meta name=\"twitter:label1\" content=\"Gesch\u00e4tzte Lesezeit\" \/>\n\t<meta name=\"twitter:data1\" content=\"1\u00a0Minute\" \/>\n<script type=\"application\/ld+json\" class=\"yoast-schema-graph\">{\"@context\":\"https:\\\/\\\/schema.org\",\"@graph\":[{\"@type\":\"WebPage\",\"@id\":\"https:\\\/\\\/cineuro.eu\\\/de\\\/about\\\/\",\"url\":\"https:\\\/\\\/cineuro.eu\\\/de\\\/about\\\/\",\"name\":\"About - CinEuro\",\"isPartOf\":{\"@id\":\"https:\\\/\\\/cineuro.eu\\\/de\\\/#website\"},\"primaryImageOfPage\":{\"@id\":\"https:\\\/\\\/cineuro.eu\\\/de\\\/about\\\/#primaryimage\"},\"image\":{\"@id\":\"https:\\\/\\\/cineuro.eu\\\/de\\\/about\\\/#primaryimage\"},\"thumbnailUrl\":\"http:\\\/\\\/cineuro.fr\\\/wp-content\\\/uploads\\\/2021\\\/06\\\/diapositive33-1.png\",\"datePublished\":\"2020-06-29T07:40:15+00:00\",\"breadcrumb\":{\"@id\":\"https:\\\/\\\/cineuro.eu\\\/de\\\/about\\\/#breadcrumb\"},\"inLanguage\":\"de\",\"potentialAction\":[{\"@type\":\"ReadAction\",\"target\":[\"https:\\\/\\\/cineuro.eu\\\/de\\\/about\\\/\"]}]},{\"@type\":\"ImageObject\",\"inLanguage\":\"de\",\"@id\":\"https:\\\/\\\/cineuro.eu\\\/de\\\/about\\\/#primaryimage\",\"url\":\"http:\\\/\\\/cineuro.fr\\\/wp-content\\\/uploads\\\/2021\\\/06\\\/diapositive33-1.png\",\"contentUrl\":\"http:\\\/\\\/cineuro.fr\\\/wp-content\\\/uploads\\\/2021\\\/06\\\/diapositive33-1.png\"},{\"@type\":\"BreadcrumbList\",\"@id\":\"https:\\\/\\\/cineuro.eu\\\/de\\\/about\\\/#breadcrumb\",\"itemListElement\":[{\"@type\":\"ListItem\",\"position\":1,\"name\":\"\",\"item\":\"https:\\\/\\\/cineuro.eu\\\/de\\\/\"},{\"@type\":\"ListItem\",\"position\":2,\"name\":\"About\"}]},{\"@type\":\"WebSite\",\"@id\":\"https:\\\/\\\/cineuro.eu\\\/de\\\/#website\",\"url\":\"https:\\\/\\\/cineuro.eu\\\/de\\\/\",\"name\":\"CinEuro\",\"description\":\"Just another WordPress site\",\"potentialAction\":[{\"@type\":\"SearchAction\",\"target\":{\"@type\":\"EntryPoint\",\"urlTemplate\":\"https:\\\/\\\/cineuro.eu\\\/de\\\/?s={search_term_string}\"},\"query-input\":{\"@type\":\"PropertyValueSpecification\",\"valueRequired\":true,\"valueName\":\"search_term_string\"}}],\"inLanguage\":\"de\"}]}<\/script>\n<!-- \/ Yoast SEO plugin. -->","yoast_head_json":{"title":"About - CinEuro","robots":{"index":"index","follow":"follow","max-snippet":"max-snippet:-1","max-image-preview":"max-image-preview:large","max-video-preview":"max-video-preview:-1"},"canonical":"https:\/\/cineuro.eu\/de\/about\/","og_locale":"de_DE","og_type":"article","og_title":"About - CinEuro","og_description":"Das Forum Alentours &#8211; Rheinisches Koproduktionstreffen, das jeden Sommer in Stra\u00dfburg stattfindet, hat sich in den letzten vier Jahren als die f\u00fchrende j\u00e4hrliche Veranstaltung f\u00fcr grenz\u00fcberschreitende Film- und audiovisuelle Koproduktionen etabliert und richtet sich an ein internationales Fachpublikum der Branche. Das Forum Alentours deckt alle Genres und Formate des audiovisuellen Schaffens ab, von der Fiktion [&hellip;]","og_url":"https:\/\/cineuro.eu\/de\/about\/","og_site_name":"CinEuro","og_image":[{"url":"http:\/\/cineuro.fr\/wp-content\/uploads\/2021\/06\/diapositive33-1.png","type":"","width":"","height":""}],"twitter_card":"summary_large_image","twitter_misc":{"Gesch\u00e4tzte Lesezeit":"1\u00a0Minute"},"schema":{"@context":"https:\/\/schema.org","@graph":[{"@type":"WebPage","@id":"https:\/\/cineuro.eu\/de\/about\/","url":"https:\/\/cineuro.eu\/de\/about\/","name":"About - CinEuro","isPartOf":{"@id":"https:\/\/cineuro.eu\/de\/#website"},"primaryImageOfPage":{"@id":"https:\/\/cineuro.eu\/de\/about\/#primaryimage"},"image":{"@id":"https:\/\/cineuro.eu\/de\/about\/#primaryimage"},"thumbnailUrl":"http:\/\/cineuro.fr\/wp-content\/uploads\/2021\/06\/diapositive33-1.png","datePublished":"2020-06-29T07:40:15+00:00","breadcrumb":{"@id":"https:\/\/cineuro.eu\/de\/about\/#breadcrumb"},"inLanguage":"de","potentialAction":[{"@type":"ReadAction","target":["https:\/\/cineuro.eu\/de\/about\/"]}]},{"@type":"ImageObject","inLanguage":"de","@id":"https:\/\/cineuro.eu\/de\/about\/#primaryimage","url":"http:\/\/cineuro.fr\/wp-content\/uploads\/2021\/06\/diapositive33-1.png","contentUrl":"http:\/\/cineuro.fr\/wp-content\/uploads\/2021\/06\/diapositive33-1.png"},{"@type":"BreadcrumbList","@id":"https:\/\/cineuro.eu\/de\/about\/#breadcrumb","itemListElement":[{"@type":"ListItem","position":1,"name":"","item":"https:\/\/cineuro.eu\/de\/"},{"@type":"ListItem","position":2,"name":"About"}]},{"@type":"WebSite","@id":"https:\/\/cineuro.eu\/de\/#website","url":"https:\/\/cineuro.eu\/de\/","name":"CinEuro","description":"Just another WordPress site","potentialAction":[{"@type":"SearchAction","target":{"@type":"EntryPoint","urlTemplate":"https:\/\/cineuro.eu\/de\/?s={search_term_string}"},"query-input":{"@type":"PropertyValueSpecification","valueRequired":true,"valueName":"search_term_string"}}],"inLanguage":"de"}]}},"_links":{"self":[{"href":"https:\/\/cineuro.eu\/de\/wp-json\/wp\/v2\/pages\/15219","targetHints":{"allow":["GET"]}}],"collection":[{"href":"https:\/\/cineuro.eu\/de\/wp-json\/wp\/v2\/pages"}],"about":[{"href":"https:\/\/cineuro.eu\/de\/wp-json\/wp\/v2\/types\/page"}],"author":[{"embeddable":true,"href":"https:\/\/cineuro.eu\/de\/wp-json\/wp\/v2\/users\/5"}],"replies":[{"embeddable":true,"href":"https:\/\/cineuro.eu\/de\/wp-json\/wp\/v2\/comments?post=15219"}],"version-history":[{"count":0,"href":"https:\/\/cineuro.eu\/de\/wp-json\/wp\/v2\/pages\/15219\/revisions"}],"wp:attachment":[{"href":"https:\/\/cineuro.eu\/de\/wp-json\/wp\/v2\/media?parent=15219"}],"wp:term":[{"taxonomy":"territoire","embeddable":true,"href":"https:\/\/cineuro.eu\/de\/wp-json\/wp\/v2\/territoire?post=15219"}],"curies":[{"name":"wp","href":"https:\/\/api.w.org\/{rel}","templated":true}]}}