{"id":13480,"date":"2021-06-03T10:09:42","date_gmt":"2021-06-03T10:09:42","guid":{"rendered":"http:\/\/cineuro.traefik.devl\/dem-netzwerk-beitreten-3\/"},"modified":"2021-06-25T09:18:51","modified_gmt":"2021-06-25T08:18:51","slug":"dem-netzwerk-beitreten","status":"publish","type":"page","link":"https:\/\/cineuro.eu\/de\/dem-netzwerk-beitreten\/","title":{"rendered":"Dem Netzwerk beitreten"},"content":{"rendered":"<h4>Registrieren Sie Ihre Firma kostenlos im Verzeichnis, um von einer neuen Sichtbarkeit zu profitieren, \u00fcber Veranstaltungen informiert zu bleiben und neue Kooperationsgelegenheiten zu finden!<\/h4>\n\n<p class=\"p-rgpd\">Die Region Grand Est wacht \u00fcber die Qualit\u00e4t der Informationen \u00fcber die im Netzwerk &#8222;Film am Oberrhein&#8220; registrierten Mitglieder. Im Falle einer best\u00e4tigten Inaktivit\u00e4t eines Mitglieds (fehlende Antwort auf Mails, auf Anrufe) kann die Region Grand Est dessen Profil und alle seine pers\u00f6nlichen Daten l\u00f6schen. In diesem Zusammenhang kann die Region Grand Est einmal j\u00e4hrlich eine Aktivit\u00e4tskontrolle unter den Mitgliedern durchf\u00fchren.<\/p>\n","protected":false},"excerpt":{"rendered":"<p>Registrieren Sie Ihre Firma kostenlos im Verzeichnis, um von einer neuen Sichtbarkeit zu profitieren, \u00fcber Veranstaltungen informiert zu bleiben und neue Kooperationsgelegenheiten zu finden! Die Region Grand Est wacht \u00fcber die Qualit\u00e4t der Informationen \u00fcber die im Netzwerk &#8222;Film am Oberrhein&#8220; registrierten Mitglieder. Im Falle einer best\u00e4tigten Inaktivit\u00e4t eines Mitglieds (fehlende Antwort auf Mails, auf [&hellip;]<\/p>\n","protected":false},"author":5,"featured_media":0,"parent":0,"menu_order":0,"comment_status":"closed","ping_status":"closed","template":"models\/rejoindre-reseau.php","meta":{"_acf_changed":false,"footnotes":""},"territoire":[126,128],"class_list":["post-13480","page","type-page","status-publish","hentry","territoire-grossregion-de","territoire-oberrhein-de"],"acf":[],"yoast_head":"<!-- This site is optimized with the Yoast SEO plugin v27.4 - https:\/\/yoast.com\/product\/yoast-seo-wordpress\/ -->\n<title>Dem Netzwerk beitreten - CinEuro<\/title>\n<meta name=\"description\" content=\"Rejoignez gratuitement le r\u00e9seau des professionnels transfrontaliers du cin\u00e9ma en R\u00e9gion Grand Est, Allemagne et Suisse.\" \/>\n<meta name=\"robots\" content=\"index, follow, max-snippet:-1, max-image-preview:large, max-video-preview:-1\" \/>\n<link rel=\"canonical\" href=\"https:\/\/cineuro.eu\/de\/dem-netzwerk-beitreten\/\" \/>\n<meta property=\"og:locale\" content=\"de_DE\" \/>\n<meta property=\"og:type\" content=\"article\" \/>\n<meta property=\"og:title\" content=\"Dem Netzwerk beitreten - CinEuro\" \/>\n<meta property=\"og:description\" content=\"Rejoignez gratuitement le r\u00e9seau des professionnels transfrontaliers du cin\u00e9ma en R\u00e9gion Grand Est, Allemagne et Suisse.\" \/>\n<meta property=\"og:url\" content=\"https:\/\/cineuro.eu\/de\/dem-netzwerk-beitreten\/\" \/>\n<meta property=\"og:site_name\" content=\"CinEuro\" \/>\n<meta property=\"article:modified_time\" content=\"2021-06-25T08:18:51+00:00\" \/>\n<meta name=\"twitter:card\" content=\"summary_large_image\" \/>\n<meta name=\"twitter:label1\" content=\"Gesch\u00e4tzte Lesezeit\" \/>\n\t<meta name=\"twitter:data1\" content=\"1\u00a0Minute\" \/>\n<script type=\"application\/ld+json\" class=\"yoast-schema-graph\">{\"@context\":\"https:\\\/\\\/schema.org\",\"@graph\":[{\"@type\":\"WebPage\",\"@id\":\"https:\\\/\\\/cineuro.eu\\\/de\\\/dem-netzwerk-beitreten\\\/\",\"url\":\"https:\\\/\\\/cineuro.eu\\\/de\\\/dem-netzwerk-beitreten\\\/\",\"name\":\"Dem Netzwerk beitreten - CinEuro\",\"isPartOf\":{\"@id\":\"https:\\\/\\\/cineuro.eu\\\/de\\\/#website\"},\"datePublished\":\"2021-06-03T10:09:42+00:00\",\"dateModified\":\"2021-06-25T08:18:51+00:00\",\"description\":\"Rejoignez gratuitement le r\u00e9seau des professionnels transfrontaliers du cin\u00e9ma en R\u00e9gion Grand Est, Allemagne et Suisse.\",\"breadcrumb\":{\"@id\":\"https:\\\/\\\/cineuro.eu\\\/de\\\/dem-netzwerk-beitreten\\\/#breadcrumb\"},\"inLanguage\":\"de\",\"potentialAction\":[{\"@type\":\"ReadAction\",\"target\":[\"https:\\\/\\\/cineuro.eu\\\/de\\\/dem-netzwerk-beitreten\\\/\"]}]},{\"@type\":\"BreadcrumbList\",\"@id\":\"https:\\\/\\\/cineuro.eu\\\/de\\\/dem-netzwerk-beitreten\\\/#breadcrumb\",\"itemListElement\":[{\"@type\":\"ListItem\",\"position\":1,\"name\":\"\",\"item\":\"https:\\\/\\\/cineuro.eu\\\/de\\\/\"},{\"@type\":\"ListItem\",\"position\":2,\"name\":\"Dem Netzwerk beitreten\"}]},{\"@type\":\"WebSite\",\"@id\":\"https:\\\/\\\/cineuro.eu\\\/de\\\/#website\",\"url\":\"https:\\\/\\\/cineuro.eu\\\/de\\\/\",\"name\":\"CinEuro\",\"description\":\"Just another WordPress site\",\"potentialAction\":[{\"@type\":\"SearchAction\",\"target\":{\"@type\":\"EntryPoint\",\"urlTemplate\":\"https:\\\/\\\/cineuro.eu\\\/de\\\/?s={search_term_string}\"},\"query-input\":{\"@type\":\"PropertyValueSpecification\",\"valueRequired\":true,\"valueName\":\"search_term_string\"}}],\"inLanguage\":\"de\"}]}<\/script>\n<!-- \/ Yoast SEO plugin. -->","yoast_head_json":{"title":"Dem Netzwerk beitreten - CinEuro","description":"Rejoignez gratuitement le r\u00e9seau des professionnels transfrontaliers du cin\u00e9ma en R\u00e9gion Grand Est, Allemagne et Suisse.","robots":{"index":"index","follow":"follow","max-snippet":"max-snippet:-1","max-image-preview":"max-image-preview:large","max-video-preview":"max-video-preview:-1"},"canonical":"https:\/\/cineuro.eu\/de\/dem-netzwerk-beitreten\/","og_locale":"de_DE","og_type":"article","og_title":"Dem Netzwerk beitreten - CinEuro","og_description":"Rejoignez gratuitement le r\u00e9seau des professionnels transfrontaliers du cin\u00e9ma en R\u00e9gion Grand Est, Allemagne et Suisse.","og_url":"https:\/\/cineuro.eu\/de\/dem-netzwerk-beitreten\/","og_site_name":"CinEuro","article_modified_time":"2021-06-25T08:18:51+00:00","twitter_card":"summary_large_image","twitter_misc":{"Gesch\u00e4tzte Lesezeit":"1\u00a0Minute"},"schema":{"@context":"https:\/\/schema.org","@graph":[{"@type":"WebPage","@id":"https:\/\/cineuro.eu\/de\/dem-netzwerk-beitreten\/","url":"https:\/\/cineuro.eu\/de\/dem-netzwerk-beitreten\/","name":"Dem Netzwerk beitreten - CinEuro","isPartOf":{"@id":"https:\/\/cineuro.eu\/de\/#website"},"datePublished":"2021-06-03T10:09:42+00:00","dateModified":"2021-06-25T08:18:51+00:00","description":"Rejoignez gratuitement le r\u00e9seau des professionnels transfrontaliers du cin\u00e9ma en R\u00e9gion Grand Est, Allemagne et Suisse.","breadcrumb":{"@id":"https:\/\/cineuro.eu\/de\/dem-netzwerk-beitreten\/#breadcrumb"},"inLanguage":"de","potentialAction":[{"@type":"ReadAction","target":["https:\/\/cineuro.eu\/de\/dem-netzwerk-beitreten\/"]}]},{"@type":"BreadcrumbList","@id":"https:\/\/cineuro.eu\/de\/dem-netzwerk-beitreten\/#breadcrumb","itemListElement":[{"@type":"ListItem","position":1,"name":"","item":"https:\/\/cineuro.eu\/de\/"},{"@type":"ListItem","position":2,"name":"Dem Netzwerk beitreten"}]},{"@type":"WebSite","@id":"https:\/\/cineuro.eu\/de\/#website","url":"https:\/\/cineuro.eu\/de\/","name":"CinEuro","description":"Just another WordPress site","potentialAction":[{"@type":"SearchAction","target":{"@type":"EntryPoint","urlTemplate":"https:\/\/cineuro.eu\/de\/?s={search_term_string}"},"query-input":{"@type":"PropertyValueSpecification","valueRequired":true,"valueName":"search_term_string"}}],"inLanguage":"de"}]}},"_links":{"self":[{"href":"https:\/\/cineuro.eu\/de\/wp-json\/wp\/v2\/pages\/13480","targetHints":{"allow":["GET"]}}],"collection":[{"href":"https:\/\/cineuro.eu\/de\/wp-json\/wp\/v2\/pages"}],"about":[{"href":"https:\/\/cineuro.eu\/de\/wp-json\/wp\/v2\/types\/page"}],"author":[{"embeddable":true,"href":"https:\/\/cineuro.eu\/de\/wp-json\/wp\/v2\/users\/5"}],"replies":[{"embeddable":true,"href":"https:\/\/cineuro.eu\/de\/wp-json\/wp\/v2\/comments?post=13480"}],"version-history":[{"count":3,"href":"https:\/\/cineuro.eu\/de\/wp-json\/wp\/v2\/pages\/13480\/revisions"}],"predecessor-version":[{"id":17344,"href":"https:\/\/cineuro.eu\/de\/wp-json\/wp\/v2\/pages\/13480\/revisions\/17344"}],"wp:attachment":[{"href":"https:\/\/cineuro.eu\/de\/wp-json\/wp\/v2\/media?parent=13480"}],"wp:term":[{"taxonomy":"territoire","embeddable":true,"href":"https:\/\/cineuro.eu\/de\/wp-json\/wp\/v2\/territoire?post=13480"}],"curies":[{"name":"wp","href":"https:\/\/api.w.org\/{rel}","templated":true}]}}