{"id":13441,"date":"2019-04-24T13:04:40","date_gmt":"2019-04-24T13:04:40","guid":{"rendered":"http:\/\/cineuro.traefik.devl\/web-accessibility\/"},"modified":"2021-06-25T10:02:23","modified_gmt":"2021-06-25T09:02:23","slug":"web-accessibility","status":"publish","type":"page","link":"https:\/\/cineuro.eu\/de\/web-accessibility\/","title":{"rendered":"Web Accessibility"},"content":{"rendered":"<h2>Einleitung<\/h2>\n<p>Diese Seite soll Sie durch die Nutzung der Website f\u00fchren. Um herauszufinden, wie gut diese Website zug\u00e4nglich ist, besuchen Sie die Konformit\u00e4tserkl\u00e4rung zur RGAA 3.0 (in Pr\u00fcfung).<\/p>\n<p>Die internationale Web Accessibility Initiative (WAI) definiert die Barrierefreiheit im Internet wie folgt: barrierefreies Internet sind Web-Angebote, die von allen Nutzern unabh\u00e4ngig von ihren Einschr\u00e4nkungen oder technischen M\u00f6glichkeiten uneingeschr\u00e4nkt genutzt werden k\u00f6nnen. Sie sollen barrierefrei das Web wahrnehmen, verstehen, navigieren und mit ihm interagieren k\u00f6nnen sowie einen Beitrag zum Web leisten k\u00f6nnen. Die Zug\u00e4nglichkeit von Websites kommt vor allem auch \u00e4lteren Menschen zu Gute, deren F\u00e4higkeiten sich mit dem Alter \u00e4ndern. Die Barrierefreiheit umfasst alle Behinderungen, die den Zugang zum Web beeintr\u00e4chtigen, einschlie\u00dflich visueller, auditiver, k\u00f6rperlicher, sprachlicher, kognitiver und neurologischer Behinderungen.<\/p>\n<p>Siehe <a href=\"https:\/\/www.w3.org\/WAI\/intro\/accessibility.php\" target=\"_blank\" rel=\"noopener\">Einleitung der WAI<\/a>.<\/p>\n<h2>Aufbau der Seite<\/h2>\n<p>Die Seite enth\u00e4lt 5 Rubriken, die jeweils \u00fcber das Hauptmen\u00fc erreichbar sind :<\/p>\n<ul>\n<li>Startseite<\/li>\n<li>Das Netzwerk<\/li>\n<li>Das Projekt<\/li>\n<li>Aktuelles<\/li>\n<li>Events<\/li>\n<\/ul>\n<p>Andere Navigationssysteme :<\/p>\n<ul>\n<li>eine Sitemap, die \u00fcber einen Link am Ende der Seite zug\u00e4nglich ist ;<\/li>\n<li>Pfadnavigation direkt unter dem Hauptmen\u00fc, die Ihnen anzeigt wo Sie sich auf der Seite befinden und wie Sie dorthin gelangt sind.<\/li>\n<\/ul>\n<h2>Navigation anhand von Titeln<\/h2>\n<ul>\n<li>Der Titel der Stufe 1 entspricht dem Haupttitel der aufgerufenen Seite oder des Artikels.<\/li>\n<li>Der Titel der Stufe 2 ist der Titel eines Abschnitts des konsultierten Artikels.<\/li>\n<li>Der Titel der Stufe 3 ist ein Untertitel des konsultierten Artikels.<\/li>\n<\/ul>\n<p>Ein Gro\u00dfteil der assistierenden Technologien und unterschiedlichen Browser unterst\u00fctzen die Titelnavigation.<\/p>\n<h2>Schnellzugriff<\/h2>\n<p>Schnellzugriffslinks sind auf dieser Website nicht vorhanden.<\/p>\n<h2>Plugins oder Software, die zum Lesen bestimmter Dokumente auf der Website erforderlich sind<\/h2>\n<p>Diese Seite kann Dokumente im pdf-Format anbieten. Eventuell ist es vorher notwendig, ein Plugin oder eine Software auf Ihrem Lesemedium zu installieren, um dieses Format zu lesen.<\/p>\n<p>Diese Seite kann Dokumente im Word- oder Excel-Format anbieten. Eventuell ist es vorher notwendig, ein Plugin oder eine Software auf Ihrem Lesemedium zu installieren, um dieses Format zu lesen.<\/p>\n<h2>Tastaturnavigation f\u00fcr interaktive Komponenten<\/h2>\n<p>Die Website enth\u00e4lt Komponenten, die auf der Java-Script-Technologie basieren. Ihr Aufbau und ihr Tastaturverhalten entsprechen derzeit nicht den internationalen Empfehlungen. Daher kann das Navigationsmen\u00fc nicht \u00fcber die Tastatur bedient werden.<\/p>\n<h2>Eine Fehlfunktion melden<\/h2>\n<p>Falls Sie trotz unserer Wachsamkeit auf Probleme mit der Barrierefreiheit auf unserer Website sto\u00dfen, z\u00f6gern Sie nicht, uns \u00fcber unser <a href=\"https:\/\/www.grandest.fr\/signaler-une-erreur\" target=\"_blank\" rel=\"noopener\">Fehlermeldeformular<\/a> zu kontaktieren.<\/p>\n<h2>Beauftragter f\u00fcr Barrierefreiheit<\/h2>\n<p>Wenn Sie einen Mangel der Barrierefreiheit feststellen, der Sie daran hindert, auf Inhalte oder Funktionen der Website zuzugreifen, uns dies mitzuteilen und keine sofortige Antwort von uns erhalten, sind Sie berechtigt, Ihre Beschwerden oder einen Verweisungsersuch an einen Beauftragten f\u00fcr Barrierefreiheit zu richten. Es stehen Ihnen mehrere M\u00f6glichkeiten zur Verf\u00fcgung:<\/p>\n<ul>\n<li><a href=\"http:\/\/www.defenseurdesdroits.fr\/contact\" target=\"_blank\" rel=\"noopener\">Kontaktformular<\/a>\u00a0;<\/li>\n<li>Liste des oder der <a href=\"https:\/\/www.defenseurdesdroits.fr\/fr\/saisir\/delegues\" target=\"_blank\" rel=\"noopener\">Beauftragten in Ihrer Region<\/a> mit direkten Kontaktinformationen\u00a0;<\/li>\n<li>eine Postanschrift: Le D\u00e9fenseur des droits &#8211; 7 rue Saint-Florentin &#8211; 75409 Paris Cedex 08.<\/li>\n<\/ul>\n","protected":false},"excerpt":{"rendered":"<p>Einleitung Diese Seite soll Sie durch die Nutzung der Website f\u00fchren. Um herauszufinden, wie gut diese Website zug\u00e4nglich ist, besuchen Sie die Konformit\u00e4tserkl\u00e4rung zur RGAA 3.0 (in Pr\u00fcfung). Die internationale Web Accessibility Initiative (WAI) definiert die Barrierefreiheit im Internet wie folgt: barrierefreies Internet sind Web-Angebote, die von allen Nutzern unabh\u00e4ngig von ihren Einschr\u00e4nkungen oder technischen [&hellip;]<\/p>\n","protected":false},"author":5,"featured_media":0,"parent":0,"menu_order":0,"comment_status":"closed","ping_status":"closed","template":"","meta":{"_acf_changed":false,"footnotes":""},"territoire":[126,128],"class_list":["post-13441","page","type-page","status-publish","hentry","territoire-grossregion-de","territoire-oberrhein-de"],"acf":[],"yoast_head":"<!-- This site is optimized with the Yoast SEO plugin v27.2 - https:\/\/yoast.com\/product\/yoast-seo-wordpress\/ -->\n<title>Web Accessibility - CinEuro<\/title>\n<meta name=\"robots\" content=\"index, follow, max-snippet:-1, max-image-preview:large, max-video-preview:-1\" \/>\n<link rel=\"canonical\" href=\"https:\/\/cineuro.eu\/de\/web-accessibility\/\" \/>\n<meta property=\"og:locale\" content=\"de_DE\" \/>\n<meta property=\"og:type\" content=\"article\" \/>\n<meta property=\"og:title\" content=\"Web Accessibility - CinEuro\" \/>\n<meta property=\"og:description\" content=\"Einleitung Diese Seite soll Sie durch die Nutzung der Website f\u00fchren. Um herauszufinden, wie gut diese Website zug\u00e4nglich ist, besuchen Sie die Konformit\u00e4tserkl\u00e4rung zur RGAA 3.0 (in Pr\u00fcfung). Die internationale Web Accessibility Initiative (WAI) definiert die Barrierefreiheit im Internet wie folgt: barrierefreies Internet sind Web-Angebote, die von allen Nutzern unabh\u00e4ngig von ihren Einschr\u00e4nkungen oder technischen [&hellip;]\" \/>\n<meta property=\"og:url\" content=\"https:\/\/cineuro.eu\/de\/web-accessibility\/\" \/>\n<meta property=\"og:site_name\" content=\"CinEuro\" \/>\n<meta property=\"article:modified_time\" content=\"2021-06-25T09:02:23+00:00\" \/>\n<meta name=\"twitter:card\" content=\"summary_large_image\" \/>\n<meta name=\"twitter:label1\" content=\"Gesch\u00e4tzte Lesezeit\" \/>\n\t<meta name=\"twitter:data1\" content=\"2\u00a0Minuten\" \/>\n<script type=\"application\/ld+json\" class=\"yoast-schema-graph\">{\"@context\":\"https:\/\/schema.org\",\"@graph\":[{\"@type\":\"WebPage\",\"@id\":\"https:\/\/cineuro.eu\/de\/web-accessibility\/\",\"url\":\"https:\/\/cineuro.eu\/de\/web-accessibility\/\",\"name\":\"Web Accessibility - CinEuro\",\"isPartOf\":{\"@id\":\"https:\/\/cineuro.eu\/de\/#website\"},\"datePublished\":\"2019-04-24T13:04:40+00:00\",\"dateModified\":\"2021-06-25T09:02:23+00:00\",\"breadcrumb\":{\"@id\":\"https:\/\/cineuro.eu\/de\/web-accessibility\/#breadcrumb\"},\"inLanguage\":\"de\",\"potentialAction\":[{\"@type\":\"ReadAction\",\"target\":[\"https:\/\/cineuro.eu\/de\/web-accessibility\/\"]}]},{\"@type\":\"BreadcrumbList\",\"@id\":\"https:\/\/cineuro.eu\/de\/web-accessibility\/#breadcrumb\",\"itemListElement\":[{\"@type\":\"ListItem\",\"position\":1,\"name\":\"\",\"item\":\"https:\/\/cineuro.eu\/de\/\"},{\"@type\":\"ListItem\",\"position\":2,\"name\":\"Web Accessibility\"}]},{\"@type\":\"WebSite\",\"@id\":\"https:\/\/cineuro.eu\/de\/#website\",\"url\":\"https:\/\/cineuro.eu\/de\/\",\"name\":\"CinEuro\",\"description\":\"Just another WordPress site\",\"potentialAction\":[{\"@type\":\"SearchAction\",\"target\":{\"@type\":\"EntryPoint\",\"urlTemplate\":\"https:\/\/cineuro.eu\/de\/?s={search_term_string}\"},\"query-input\":{\"@type\":\"PropertyValueSpecification\",\"valueRequired\":true,\"valueName\":\"search_term_string\"}}],\"inLanguage\":\"de\"}]}<\/script>\n<!-- \/ Yoast SEO plugin. -->","yoast_head_json":{"title":"Web Accessibility - CinEuro","robots":{"index":"index","follow":"follow","max-snippet":"max-snippet:-1","max-image-preview":"max-image-preview:large","max-video-preview":"max-video-preview:-1"},"canonical":"https:\/\/cineuro.eu\/de\/web-accessibility\/","og_locale":"de_DE","og_type":"article","og_title":"Web Accessibility - CinEuro","og_description":"Einleitung Diese Seite soll Sie durch die Nutzung der Website f\u00fchren. Um herauszufinden, wie gut diese Website zug\u00e4nglich ist, besuchen Sie die Konformit\u00e4tserkl\u00e4rung zur RGAA 3.0 (in Pr\u00fcfung). Die internationale Web Accessibility Initiative (WAI) definiert die Barrierefreiheit im Internet wie folgt: barrierefreies Internet sind Web-Angebote, die von allen Nutzern unabh\u00e4ngig von ihren Einschr\u00e4nkungen oder technischen [&hellip;]","og_url":"https:\/\/cineuro.eu\/de\/web-accessibility\/","og_site_name":"CinEuro","article_modified_time":"2021-06-25T09:02:23+00:00","twitter_card":"summary_large_image","twitter_misc":{"Gesch\u00e4tzte Lesezeit":"2\u00a0Minuten"},"schema":{"@context":"https:\/\/schema.org","@graph":[{"@type":"WebPage","@id":"https:\/\/cineuro.eu\/de\/web-accessibility\/","url":"https:\/\/cineuro.eu\/de\/web-accessibility\/","name":"Web Accessibility - CinEuro","isPartOf":{"@id":"https:\/\/cineuro.eu\/de\/#website"},"datePublished":"2019-04-24T13:04:40+00:00","dateModified":"2021-06-25T09:02:23+00:00","breadcrumb":{"@id":"https:\/\/cineuro.eu\/de\/web-accessibility\/#breadcrumb"},"inLanguage":"de","potentialAction":[{"@type":"ReadAction","target":["https:\/\/cineuro.eu\/de\/web-accessibility\/"]}]},{"@type":"BreadcrumbList","@id":"https:\/\/cineuro.eu\/de\/web-accessibility\/#breadcrumb","itemListElement":[{"@type":"ListItem","position":1,"name":"","item":"https:\/\/cineuro.eu\/de\/"},{"@type":"ListItem","position":2,"name":"Web Accessibility"}]},{"@type":"WebSite","@id":"https:\/\/cineuro.eu\/de\/#website","url":"https:\/\/cineuro.eu\/de\/","name":"CinEuro","description":"Just another WordPress site","potentialAction":[{"@type":"SearchAction","target":{"@type":"EntryPoint","urlTemplate":"https:\/\/cineuro.eu\/de\/?s={search_term_string}"},"query-input":{"@type":"PropertyValueSpecification","valueRequired":true,"valueName":"search_term_string"}}],"inLanguage":"de"}]}},"_links":{"self":[{"href":"https:\/\/cineuro.eu\/de\/wp-json\/wp\/v2\/pages\/13441","targetHints":{"allow":["GET"]}}],"collection":[{"href":"https:\/\/cineuro.eu\/de\/wp-json\/wp\/v2\/pages"}],"about":[{"href":"https:\/\/cineuro.eu\/de\/wp-json\/wp\/v2\/types\/page"}],"author":[{"embeddable":true,"href":"https:\/\/cineuro.eu\/de\/wp-json\/wp\/v2\/users\/5"}],"replies":[{"embeddable":true,"href":"https:\/\/cineuro.eu\/de\/wp-json\/wp\/v2\/comments?post=13441"}],"version-history":[{"count":2,"href":"https:\/\/cineuro.eu\/de\/wp-json\/wp\/v2\/pages\/13441\/revisions"}],"predecessor-version":[{"id":17365,"href":"https:\/\/cineuro.eu\/de\/wp-json\/wp\/v2\/pages\/13441\/revisions\/17365"}],"wp:attachment":[{"href":"https:\/\/cineuro.eu\/de\/wp-json\/wp\/v2\/media?parent=13441"}],"wp:term":[{"taxonomy":"territoire","embeddable":true,"href":"https:\/\/cineuro.eu\/de\/wp-json\/wp\/v2\/territoire?post=13441"}],"curies":[{"name":"wp","href":"https:\/\/api.w.org\/{rel}","templated":true}]}}